{"id":1682,"date":"2021-12-22T11:21:13","date_gmt":"2021-12-22T10:21:13","guid":{"rendered":"https:\/\/www.velo-spirit.com\/lesprit-velo-spirit\/"},"modified":"2022-06-13T17:37:49","modified_gmt":"2022-06-13T15:37:49","slug":"our-ethos","status":"publish","type":"page","link":"https:\/\/www.velo-spirit.com\/en\/our-ethos\/","title":{"rendered":"Our Ethos"},"content":{"rendered":"[vc_row type=&#8221;in_container&#8221; full_screen_row_position=&#8221;middle&#8221; column_margin=&#8221;default&#8221; column_direction=&#8221;default&#8221; column_direction_tablet=&#8221;default&#8221; column_direction_phone=&#8221;default&#8221; scene_position=&#8221;center&#8221; top_padding=&#8221;80px&#8221; constrain_group_1=&#8221;yes&#8221; bottom_padding=&#8221;80px&#8221; text_color=&#8221;dark&#8221; text_align=&#8221;left&#8221; row_border_radius=&#8221;none&#8221; row_border_radius_applies=&#8221;bg&#8221; overflow=&#8221;visible&#8221; advanced_gradient_angle=&#8221;0&#8243; overlay_strength=&#8221;0.3&#8243; gradient_direction=&#8221;left_to_right&#8221; shape_divider_position=&#8221;bottom&#8221; bg_image_animation=&#8221;none&#8221; gradient_type=&#8221;default&#8221; shape_type=&#8221;&#8221;][vc_column column_padding=&#8221;no-extra-padding&#8221; column_padding_tablet=&#8221;inherit&#8221; column_padding_phone=&#8221;inherit&#8221; column_padding_position=&#8221;all&#8221; column_element_spacing=&#8221;default&#8221; background_color_opacity=&#8221;1&#8243; background_hover_color_opacity=&#8221;1&#8243; column_shadow=&#8221;none&#8221; column_border_radius=&#8221;none&#8221; column_link_target=&#8221;_self&#8221; column_position=&#8221;default&#8221; gradient_direction=&#8221;left_to_right&#8221; overlay_strength=&#8221;0.3&#8243; width=&#8221;1\/2&#8243; tablet_width_inherit=&#8221;default&#8221; tablet_text_alignment=&#8221;default&#8221; phone_text_alignment=&#8221;default&#8221; animation_type=&#8221;default&#8221; bg_image_animation=&#8221;none&#8221; border_type=&#8221;simple&#8221; column_border_width=&#8221;none&#8221; column_border_style=&#8221;solid&#8221;][image_with_animation image_url=&#8221;2051&#8243; image_size=&#8221;full&#8221; animation_type=&#8221;entrance&#8221; animation=&#8221;Fade In&#8221; hover_animation=&#8221;none&#8221; alignment=&#8221;&#8221; border_radius=&#8221;none&#8221; box_shadow=&#8221;none&#8221; image_loading=&#8221;default&#8221; max_width=&#8221;100%&#8221; max_width_mobile=&#8221;default&#8221;][\/vc_column][vc_column column_padding=&#8221;no-extra-padding&#8221; column_padding_tablet=&#8221;inherit&#8221; column_padding_phone=&#8221;inherit&#8221; column_padding_position=&#8221;all&#8221; column_element_spacing=&#8221;default&#8221; background_color_opacity=&#8221;1&#8243; background_hover_color_opacity=&#8221;1&#8243; column_shadow=&#8221;none&#8221; column_border_radius=&#8221;none&#8221; column_link_target=&#8221;_self&#8221; column_position=&#8221;default&#8221; gradient_direction=&#8221;left_to_right&#8221; overlay_strength=&#8221;0.3&#8243; width=&#8221;1\/2&#8243; tablet_width_inherit=&#8221;default&#8221; tablet_text_alignment=&#8221;default&#8221; phone_text_alignment=&#8221;default&#8221; animation_type=&#8221;default&#8221; bg_image_animation=&#8221;none&#8221; border_type=&#8221;simple&#8221; column_border_width=&#8221;none&#8221; column_border_style=&#8221;solid&#8221;][vc_column_text]If it&#8217;s passionate about bikes, it&#8217;s V\u00e9lo Spirit!<br \/>\nWhether it\u2019s offbeat, exotic, creative, wacky, novel, surprising, futuristic, historical, activist, or velosophical, if it\u2019s about bikes you\u2019ll find it here&#8230;<\/p>\n<p>An image-based web magazine focused on the bicycle as a source of inspiration, highlighting the passion and creativity of bikes through photos, drawings, films, music, fashion, literature, and innovation.<\/p>\n<p>Our editorial team endeavours to create exciting and inspirational content to allow you to discover the V\u00e9lo Spirit ethos!<\/p>\n<p>If you like the style, the best way to show your appreciation is by sharing the articles with friends&#8230;<\/p>\n<p>Thanks to all you bike fanatics![\/vc_column_text][\/vc_column][\/vc_row]\n","protected":false},"excerpt":{"rendered":"<p>[vc_row type=&#8221;in_container&#8221; full_screen_row_position=&#8221;middle&#8221; column_margin=&#8221;default&#8221; column_direction=&#8221;default&#8221; column_direction_tablet=&#8221;default&#8221; column_direction_phone=&#8221;default&#8221; scene_position=&#8221;center&#8221; top_padding=&#8221;80px&#8221; constrain_group_1=&#8221;yes&#8221; bottom_padding=&#8221;80px&#8221; text_color=&#8221;dark&#8221; text_align=&#8221;left&#8221; row_border_radius=&#8221;none&#8221; row_border_radius_applies=&#8221;bg&#8221; overflow=&#8221;visible&#8221; advanced_gradient_angle=&#8221;0&#8243; overlay_strength=&#8221;0.3&#8243; gradient_direction=&#8221;left_to_right&#8221; shape_divider_position=&#8221;bottom&#8221; bg_image_animation=&#8221;none&#8221; gradient_type=&#8221;default&#8221; shape_type=&#8221;&#8221;][vc_column column_padding=&#8221;no-extra-padding&#8221; column_padding_tablet=&#8221;inherit&#8221; column_padding_phone=&#8221;inherit&#8221; column_padding_position=&#8221;all&#8221; column_element_spacing=&#8221;default&#8221; background_color_opacity=&#8221;1&#8243; background_hover_color_opacity=&#8221;1&#8243;&#8230;<\/p>\n","protected":false},"author":1,"featured_media":0,"parent":0,"menu_order":0,"comment_status":"closed","ping_status":"closed","template":"","meta":{"_acf_changed":false,"jetpack_post_was_ever_published":false,"footnotes":""},"class_list":["post-1682","page","type-page","status-publish"],"acf":[],"yoast_head":"<!-- This site is optimized with the Yoast SEO plugin v27.5 - https:\/\/yoast.com\/product\/yoast-seo-wordpress\/ -->\n<title>Our Ethos - V\u00e9lo Spirit<\/title>\n<meta name=\"description\" content=\"An image-based web magazine focused on the bicycle as a source of inspiration, highlighting the passion and creativity of bikes.\" \/>\n<meta name=\"robots\" content=\"index, follow, max-snippet:-1, max-image-preview:large, max-video-preview:-1\" \/>\n<link rel=\"canonical\" href=\"https:\/\/www.velo-spirit.com\/en\/our-ethos\/\" \/>\n<meta property=\"og:locale\" content=\"en_US\" \/>\n<meta property=\"og:type\" content=\"article\" \/>\n<meta property=\"og:title\" content=\"Our Ethos - V\u00e9lo Spirit\" \/>\n<meta property=\"og:description\" content=\"An image-based web magazine focused on the bicycle as a source of inspiration, highlighting the passion and creativity of bikes.\" \/>\n<meta property=\"og:url\" content=\"https:\/\/www.velo-spirit.com\/en\/our-ethos\/\" \/>\n<meta property=\"og:site_name\" content=\"V\u00e9lo Spirit\" \/>\n<meta property=\"article:modified_time\" content=\"2022-06-13T15:37:49+00:00\" \/>\n<meta name=\"twitter:card\" content=\"summary_large_image\" \/>\n<meta name=\"twitter:label1\" content=\"Est. reading time\" \/>\n\t<meta name=\"twitter:data1\" content=\"2 minutes\" \/>\n<script type=\"application\/ld+json\" class=\"yoast-schema-graph\">{\"@context\":\"https:\\\/\\\/schema.org\",\"@graph\":[{\"@type\":\"WebPage\",\"@id\":\"https:\\\/\\\/www.velo-spirit.com\\\/en\\\/our-ethos\\\/\",\"url\":\"https:\\\/\\\/www.velo-spirit.com\\\/en\\\/our-ethos\\\/\",\"name\":\"Our Ethos - V\u00e9lo Spirit\",\"isPartOf\":{\"@id\":\"https:\\\/\\\/www.velo-spirit.com\\\/en\\\/#website\"},\"datePublished\":\"2021-12-22T10:21:13+00:00\",\"dateModified\":\"2022-06-13T15:37:49+00:00\",\"description\":\"An image-based web magazine focused on the bicycle as a source of inspiration, highlighting the passion and creativity of bikes.\",\"breadcrumb\":{\"@id\":\"https:\\\/\\\/www.velo-spirit.com\\\/en\\\/our-ethos\\\/#breadcrumb\"},\"inLanguage\":\"en-US\",\"potentialAction\":[{\"@type\":\"ReadAction\",\"target\":[\"https:\\\/\\\/www.velo-spirit.com\\\/en\\\/our-ethos\\\/\"]}]},{\"@type\":\"BreadcrumbList\",\"@id\":\"https:\\\/\\\/www.velo-spirit.com\\\/en\\\/our-ethos\\\/#breadcrumb\",\"itemListElement\":[{\"@type\":\"ListItem\",\"position\":1,\"name\":\"Velo Spirit\",\"item\":\"https:\\\/\\\/www.velo-spirit.com\\\/en\\\/\"},{\"@type\":\"ListItem\",\"position\":2,\"name\":\"Our Ethos\"}]},{\"@type\":\"WebSite\",\"@id\":\"https:\\\/\\\/www.velo-spirit.com\\\/en\\\/#website\",\"url\":\"https:\\\/\\\/www.velo-spirit.com\\\/en\\\/\",\"name\":\"V\u00e9lo Spirit\",\"description\":\"Le web magazine du v\u00e9lo dans tous ses \u00e9tats !\",\"potentialAction\":[{\"@type\":\"SearchAction\",\"target\":{\"@type\":\"EntryPoint\",\"urlTemplate\":\"https:\\\/\\\/www.velo-spirit.com\\\/en\\\/?s={search_term_string}\"},\"query-input\":{\"@type\":\"PropertyValueSpecification\",\"valueRequired\":true,\"valueName\":\"search_term_string\"}}],\"inLanguage\":\"en-US\"}]}<\/script>\n<!-- \/ Yoast SEO plugin. -->","yoast_head_json":{"title":"Our Ethos - V\u00e9lo Spirit","description":"An image-based web magazine focused on the bicycle as a source of inspiration, highlighting the passion and creativity of bikes.","robots":{"index":"index","follow":"follow","max-snippet":"max-snippet:-1","max-image-preview":"max-image-preview:large","max-video-preview":"max-video-preview:-1"},"canonical":"https:\/\/www.velo-spirit.com\/en\/our-ethos\/","og_locale":"en_US","og_type":"article","og_title":"Our Ethos - V\u00e9lo Spirit","og_description":"An image-based web magazine focused on the bicycle as a source of inspiration, highlighting the passion and creativity of bikes.","og_url":"https:\/\/www.velo-spirit.com\/en\/our-ethos\/","og_site_name":"V\u00e9lo Spirit","article_modified_time":"2022-06-13T15:37:49+00:00","twitter_card":"summary_large_image","twitter_misc":{"Est. reading time":"2 minutes"},"schema":{"@context":"https:\/\/schema.org","@graph":[{"@type":"WebPage","@id":"https:\/\/www.velo-spirit.com\/en\/our-ethos\/","url":"https:\/\/www.velo-spirit.com\/en\/our-ethos\/","name":"Our Ethos - V\u00e9lo Spirit","isPartOf":{"@id":"https:\/\/www.velo-spirit.com\/en\/#website"},"datePublished":"2021-12-22T10:21:13+00:00","dateModified":"2022-06-13T15:37:49+00:00","description":"An image-based web magazine focused on the bicycle as a source of inspiration, highlighting the passion and creativity of bikes.","breadcrumb":{"@id":"https:\/\/www.velo-spirit.com\/en\/our-ethos\/#breadcrumb"},"inLanguage":"en-US","potentialAction":[{"@type":"ReadAction","target":["https:\/\/www.velo-spirit.com\/en\/our-ethos\/"]}]},{"@type":"BreadcrumbList","@id":"https:\/\/www.velo-spirit.com\/en\/our-ethos\/#breadcrumb","itemListElement":[{"@type":"ListItem","position":1,"name":"Velo Spirit","item":"https:\/\/www.velo-spirit.com\/en\/"},{"@type":"ListItem","position":2,"name":"Our Ethos"}]},{"@type":"WebSite","@id":"https:\/\/www.velo-spirit.com\/en\/#website","url":"https:\/\/www.velo-spirit.com\/en\/","name":"V\u00e9lo Spirit","description":"Le web magazine du v\u00e9lo dans tous ses \u00e9tats !","potentialAction":[{"@type":"SearchAction","target":{"@type":"EntryPoint","urlTemplate":"https:\/\/www.velo-spirit.com\/en\/?s={search_term_string}"},"query-input":{"@type":"PropertyValueSpecification","valueRequired":true,"valueName":"search_term_string"}}],"inLanguage":"en-US"}]}},"jetpack_sharing_enabled":true,"post_mailing_queue_ids":[],"_links":{"self":[{"href":"https:\/\/www.velo-spirit.com\/en\/wp-json\/wp\/v2\/pages\/1682","targetHints":{"allow":["GET"]}}],"collection":[{"href":"https:\/\/www.velo-spirit.com\/en\/wp-json\/wp\/v2\/pages"}],"about":[{"href":"https:\/\/www.velo-spirit.com\/en\/wp-json\/wp\/v2\/types\/page"}],"author":[{"embeddable":true,"href":"https:\/\/www.velo-spirit.com\/en\/wp-json\/wp\/v2\/users\/1"}],"replies":[{"embeddable":true,"href":"https:\/\/www.velo-spirit.com\/en\/wp-json\/wp\/v2\/comments?post=1682"}],"version-history":[{"count":6,"href":"https:\/\/www.velo-spirit.com\/en\/wp-json\/wp\/v2\/pages\/1682\/revisions"}],"predecessor-version":[{"id":2279,"href":"https:\/\/www.velo-spirit.com\/en\/wp-json\/wp\/v2\/pages\/1682\/revisions\/2279"}],"wp:attachment":[{"href":"https:\/\/www.velo-spirit.com\/en\/wp-json\/wp\/v2\/media?parent=1682"}],"curies":[{"name":"wp","href":"https:\/\/api.w.org\/{rel}","templated":true}]}}