{"id":2238,"date":"2022-05-20T14:19:02","date_gmt":"2022-05-20T12:19:02","guid":{"rendered":"https:\/\/www.velo-spirit.com\/?page_id=2238"},"modified":"2023-02-20T11:16:43","modified_gmt":"2023-02-20T10:16:43","slug":"suscribe-to-newsletter","status":"publish","type":"page","link":"https:\/\/www.velo-spirit.com\/en\/suscribe-to-newsletter\/","title":{"rendered":"Suscribe to our newsletter"},"content":{"rendered":"[vc_row type=&#8221;in_container&#8221; full_screen_row_position=&#8221;middle&#8221; column_margin=&#8221;default&#8221; column_direction=&#8221;default&#8221; column_direction_tablet=&#8221;default&#8221; column_direction_phone=&#8221;default&#8221; scene_position=&#8221;center&#8221; top_padding=&#8221;80px&#8221; bottom_padding=&#8221;20px&#8221; left_padding_desktop=&#8221;120px&#8221; constrain_group_2=&#8221;yes&#8221; right_padding_desktop=&#8221;120px&#8221; text_color=&#8221;dark&#8221; text_align=&#8221;left&#8221; row_border_radius=&#8221;none&#8221; row_border_radius_applies=&#8221;bg&#8221; overflow=&#8221;visible&#8221; advanced_gradient_angle=&#8221;0&#8243; overlay_strength=&#8221;0.3&#8243; gradient_direction=&#8221;left_to_right&#8221; shape_divider_position=&#8221;bottom&#8221; bg_image_animation=&#8221;none&#8221; gradient_type=&#8221;default&#8221; shape_type=&#8221;&#8221;][vc_column column_padding=&#8221;no-extra-padding&#8221; column_padding_tablet=&#8221;inherit&#8221; column_padding_phone=&#8221;inherit&#8221; column_padding_position=&#8221;all&#8221; column_element_spacing=&#8221;default&#8221; centered_text=&#8221;true&#8221; background_color_opacity=&#8221;1&#8243; background_hover_color_opacity=&#8221;1&#8243; column_shadow=&#8221;none&#8221; column_border_radius=&#8221;none&#8221; column_link_target=&#8221;_self&#8221; column_position=&#8221;default&#8221; advanced_gradient_angle=&#8221;0&#8243; gradient_direction=&#8221;left_to_right&#8221; overlay_strength=&#8221;0.3&#8243; width=&#8221;1\/1&#8243; tablet_width_inherit=&#8221;default&#8221; tablet_text_alignment=&#8221;default&#8221; phone_text_alignment=&#8221;default&#8221; animation_type=&#8221;default&#8221; bg_image_animation=&#8221;none&#8221; border_type=&#8221;simple&#8221; column_border_width=&#8221;none&#8221; column_border_style=&#8221;solid&#8221; gradient_type=&#8221;default&#8221;][vc_column_text]\n<h3>I WOULD LIKE TO BE INFORMED OF NEWS RELATED TO THE LIFE OF V\u00c9LO SPIRIT<\/h3>\n[\/vc_column_text][\/vc_column][\/vc_row][vc_row type=&#8221;in_container&#8221; full_screen_row_position=&#8221;middle&#8221; column_margin=&#8221;default&#8221; column_direction=&#8221;default&#8221; column_direction_tablet=&#8221;default&#8221; column_direction_phone=&#8221;default&#8221; scene_position=&#8221;center&#8221; top_padding=&#8221;20px&#8221; bottom_padding=&#8221;10px&#8221; left_padding_desktop=&#8221;340px&#8221; constrain_group_2=&#8221;yes&#8221; right_padding_desktop=&#8221;340px&#8221; top_padding_tablet=&#8221;20px&#8221; bottom_padding_tablet=&#8221;10px&#8221; left_padding_tablet=&#8221;120px&#8221; constrain_group_4=&#8221;yes&#8221; right_padding_tablet=&#8221;120px&#8221; top_padding_phone=&#8221;20px&#8221; bottom_padding_phone=&#8221;10px&#8221; left_padding_phone=&#8221;0&#8243; constrain_group_6=&#8221;yes&#8221; right_padding_phone=&#8221;0&#8243; text_color=&#8221;dark&#8221; text_align=&#8221;left&#8221; row_border_radius=&#8221;none&#8221; row_border_radius_applies=&#8221;bg&#8221; overflow=&#8221;visible&#8221; advanced_gradient_angle=&#8221;0&#8243; overlay_strength=&#8221;0.3&#8243; gradient_direction=&#8221;left_to_right&#8221; shape_divider_position=&#8221;bottom&#8221; bg_image_animation=&#8221;none&#8221; gradient_type=&#8221;default&#8221; shape_type=&#8221;&#8221;][vc_column column_padding=&#8221;no-extra-padding&#8221; column_padding_tablet=&#8221;inherit&#8221; column_padding_phone=&#8221;inherit&#8221; column_padding_position=&#8221;all&#8221; column_element_spacing=&#8221;default&#8221; background_color_opacity=&#8221;1&#8243; background_hover_color_opacity=&#8221;1&#8243; column_shadow=&#8221;none&#8221; column_border_radius=&#8221;none&#8221; column_link_target=&#8221;_self&#8221; column_position=&#8221;default&#8221; gradient_direction=&#8221;left_to_right&#8221; overlay_strength=&#8221;0.3&#8243; width=&#8221;1\/1&#8243; tablet_width_inherit=&#8221;default&#8221; tablet_text_alignment=&#8221;default&#8221; phone_text_alignment=&#8221;default&#8221; animation_type=&#8221;default&#8221; bg_image_animation=&#8221;none&#8221; border_type=&#8221;simple&#8221; column_border_width=&#8221;none&#8221; column_border_style=&#8221;solid&#8221;]\n<div class=\"wpcf7 no-js\" id=\"wpcf7-f2245-o1\" lang=\"fr-FR\" dir=\"ltr\" data-wpcf7-id=\"2245\">\n<div class=\"screen-reader-response\"><p role=\"status\" aria-live=\"polite\" aria-atomic=\"true\"><\/p> <ul><\/ul><\/div>\n<form action=\"\/en\/wp-json\/wp\/v2\/pages\/2238#wpcf7-f2245-o1\" method=\"post\" class=\"wpcf7-form init\" aria-label=\"Formulaire de contact\" novalidate=\"novalidate\" data-status=\"init\">\n<fieldset class=\"hidden-fields-container\"><input type=\"hidden\" name=\"_wpcf7\" value=\"2245\" \/><input type=\"hidden\" name=\"_wpcf7_version\" value=\"6.1.5\" \/><input type=\"hidden\" name=\"_wpcf7_locale\" value=\"fr_FR\" \/><input type=\"hidden\" name=\"_wpcf7_unit_tag\" value=\"wpcf7-f2245-o1\" \/><input type=\"hidden\" name=\"_wpcf7_container_post\" value=\"0\" \/><input type=\"hidden\" name=\"_wpcf7_posted_data_hash\" value=\"\" \/><input type=\"hidden\" name=\"_wpcf7_recaptcha_response\" value=\"\" \/>\n<\/fieldset>\n<p><label> E-mail address *<br \/>\n<span class=\"wpcf7-form-control-wrap\" data-name=\"your-email\"><input size=\"40\" maxlength=\"400\" class=\"wpcf7-form-control wpcf7-email wpcf7-validates-as-required wpcf7-text wpcf7-validates-as-email\" aria-required=\"true\" aria-invalid=\"false\" value=\"\" type=\"email\" name=\"your-email\" \/><\/span> <\/label>\n<\/p>\n<p><label> Name *<br \/>\n<span class=\"wpcf7-form-control-wrap\" data-name=\"your-name\"><input size=\"40\" maxlength=\"400\" class=\"wpcf7-form-control wpcf7-text wpcf7-validates-as-required\" aria-required=\"true\" aria-invalid=\"false\" value=\"\" type=\"text\" name=\"your-name\" \/><\/span> <\/label>\n<\/p>\n<p><span class=\"wpcf7-form-control-wrap\" data-name=\"acceptance-391\"><span class=\"wpcf7-form-control wpcf7-acceptance\"><span class=\"wpcf7-list-item\"><label><input type=\"checkbox\" name=\"acceptance-391\" value=\"1\" aria-invalid=\"false\" \/><span class=\"wpcf7-list-item-label\">I accept the conditions<\/span><\/label><\/span><\/span><\/span>\n<\/p>\n<p><input class=\"wpcf7-form-control wpcf7-submit has-spinner\" type=\"submit\" value=\"Suscribe\" \/>\n<\/p><div class=\"wpcf7-response-output\" aria-hidden=\"true\"><\/div>\n<\/form>\n<\/div>\n[\/vc_column][\/vc_row][vc_row type=&#8221;in_container&#8221; full_screen_row_position=&#8221;middle&#8221; column_margin=&#8221;default&#8221; column_direction=&#8221;default&#8221; column_direction_tablet=&#8221;default&#8221; column_direction_phone=&#8221;default&#8221; scene_position=&#8221;center&#8221; top_padding=&#8221;10px&#8221; bottom_padding=&#8221;80px&#8221; left_padding_desktop=&#8221;120px&#8221; constrain_group_2=&#8221;yes&#8221; right_padding_desktop=&#8221;120px&#8221; text_color=&#8221;dark&#8221; text_align=&#8221;left&#8221; row_border_radius=&#8221;none&#8221; row_border_radius_applies=&#8221;bg&#8221; overflow=&#8221;visible&#8221; advanced_gradient_angle=&#8221;0&#8243; overlay_strength=&#8221;0.3&#8243; gradient_direction=&#8221;left_to_right&#8221; shape_divider_position=&#8221;bottom&#8221; bg_image_animation=&#8221;none&#8221; gradient_type=&#8221;default&#8221; shape_type=&#8221;&#8221;][vc_column column_padding=&#8221;no-extra-padding&#8221; column_padding_tablet=&#8221;inherit&#8221; column_padding_phone=&#8221;inherit&#8221; column_padding_position=&#8221;all&#8221; column_element_spacing=&#8221;default&#8221; centered_text=&#8221;true&#8221; background_color_opacity=&#8221;1&#8243; background_hover_color_opacity=&#8221;1&#8243; column_shadow=&#8221;none&#8221; column_border_radius=&#8221;none&#8221; column_link_target=&#8221;_self&#8221; column_position=&#8221;default&#8221; advanced_gradient_angle=&#8221;0&#8243; gradient_direction=&#8221;left_to_right&#8221; overlay_strength=&#8221;0.3&#8243; width=&#8221;1\/1&#8243; tablet_width_inherit=&#8221;default&#8221; tablet_text_alignment=&#8221;default&#8221; phone_text_alignment=&#8221;default&#8221; animation_type=&#8221;default&#8221; bg_image_animation=&#8221;none&#8221; border_type=&#8221;simple&#8221; column_border_width=&#8221;none&#8221; column_border_style=&#8221;solid&#8221; gradient_type=&#8221;default&#8221;][vc_column_text]To receive an email each time a new report is published, I can subscribe to <a href=\"\/en\/the-bell\/\">the Bell<\/a> ![\/vc_column_text][\/vc_column][\/vc_row]\n","protected":false},"excerpt":{"rendered":"<p>[vc_row type=&#8221;in_container&#8221; full_screen_row_position=&#8221;middle&#8221; column_margin=&#8221;default&#8221; column_direction=&#8221;default&#8221; column_direction_tablet=&#8221;default&#8221; column_direction_phone=&#8221;default&#8221; scene_position=&#8221;center&#8221; top_padding=&#8221;80px&#8221; bottom_padding=&#8221;20px&#8221; left_padding_desktop=&#8221;120px&#8221; constrain_group_2=&#8221;yes&#8221; right_padding_desktop=&#8221;120px&#8221; text_color=&#8221;dark&#8221; text_align=&#8221;left&#8221; row_border_radius=&#8221;none&#8221; row_border_radius_applies=&#8221;bg&#8221; overflow=&#8221;visible&#8221; advanced_gradient_angle=&#8221;0&#8243; overlay_strength=&#8221;0.3&#8243; gradient_direction=&#8221;left_to_right&#8221; shape_divider_position=&#8221;bottom&#8221; bg_image_animation=&#8221;none&#8221; gradient_type=&#8221;default&#8221; shape_type=&#8221;&#8221;][vc_column column_padding=&#8221;no-extra-padding&#8221; column_padding_tablet=&#8221;inherit&#8221; column_padding_phone=&#8221;inherit&#8221; column_padding_position=&#8221;all&#8221; column_element_spacing=&#8221;default&#8221;&#8230;<\/p>\n","protected":false},"author":1,"featured_media":2064,"parent":0,"menu_order":0,"comment_status":"closed","ping_status":"closed","template":"la-newsletter.php","meta":{"_acf_changed":false,"jetpack_post_was_ever_published":false,"footnotes":""},"class_list":["post-2238","page","type-page","status-publish","has-post-thumbnail"],"acf":[],"yoast_head":"<!-- This site is optimized with the Yoast SEO plugin v27.4 - https:\/\/yoast.com\/product\/yoast-seo-wordpress\/ -->\n<title>Suscribe to our newsletter - V\u00e9lo Spirit<\/title>\n<meta name=\"robots\" content=\"index, follow, max-snippet:-1, max-image-preview:large, max-video-preview:-1\" \/>\n<link rel=\"canonical\" href=\"https:\/\/www.velo-spirit.com\/en\/suscribe-to-newsletter\/\" \/>\n<meta property=\"og:locale\" content=\"en_US\" \/>\n<meta property=\"og:type\" content=\"article\" \/>\n<meta property=\"og:title\" content=\"Suscribe to our newsletter - V\u00e9lo Spirit\" \/>\n<meta property=\"og:description\" content=\"[vc_row type=&#8221;in_container&#8221; full_screen_row_position=&#8221;middle&#8221; column_margin=&#8221;default&#8221; column_direction=&#8221;default&#8221; column_direction_tablet=&#8221;default&#8221; column_direction_phone=&#8221;default&#8221; scene_position=&#8221;center&#8221; top_padding=&#8221;80px&#8221; bottom_padding=&#8221;20px&#8221; left_padding_desktop=&#8221;120px&#8221; constrain_group_2=&#8221;yes&#8221; right_padding_desktop=&#8221;120px&#8221; text_color=&#8221;dark&#8221; text_align=&#8221;left&#8221; row_border_radius=&#8221;none&#8221; row_border_radius_applies=&#8221;bg&#8221; overflow=&#8221;visible&#8221; advanced_gradient_angle=&#8221;0&#8243; overlay_strength=&#8221;0.3&#8243; gradient_direction=&#8221;left_to_right&#8221; shape_divider_position=&#8221;bottom&#8221; bg_image_animation=&#8221;none&#8221; gradient_type=&#8221;default&#8221; shape_type=&#8221;&#8221;][vc_column column_padding=&#8221;no-extra-padding&#8221; column_padding_tablet=&#8221;inherit&#8221; column_padding_phone=&#8221;inherit&#8221; column_padding_position=&#8221;all&#8221; column_element_spacing=&#8221;default&#8221;...\" \/>\n<meta property=\"og:url\" content=\"https:\/\/www.velo-spirit.com\/en\/suscribe-to-newsletter\/\" \/>\n<meta property=\"og:site_name\" content=\"V\u00e9lo Spirit\" \/>\n<meta property=\"article:modified_time\" content=\"2023-02-20T10:16:43+00:00\" \/>\n<meta property=\"og:image\" content=\"https:\/\/www.velo-spirit.com\/wp-content\/uploads\/2022\/04\/newsletter.jpg\" \/>\n\t<meta property=\"og:image:width\" content=\"1920\" \/>\n\t<meta property=\"og:image:height\" content=\"1080\" \/>\n\t<meta property=\"og:image:type\" content=\"image\/jpeg\" \/>\n<meta name=\"twitter:card\" content=\"summary_large_image\" \/>\n<meta name=\"twitter:label1\" content=\"Est. reading time\" \/>\n\t<meta name=\"twitter:data1\" content=\"1 minute\" \/>\n<script type=\"application\/ld+json\" class=\"yoast-schema-graph\">{\"@context\":\"https:\\\/\\\/schema.org\",\"@graph\":[{\"@type\":\"WebPage\",\"@id\":\"https:\\\/\\\/www.velo-spirit.com\\\/en\\\/suscribe-to-newsletter\\\/\",\"url\":\"https:\\\/\\\/www.velo-spirit.com\\\/en\\\/suscribe-to-newsletter\\\/\",\"name\":\"Suscribe to our newsletter - V\u00e9lo Spirit\",\"isPartOf\":{\"@id\":\"https:\\\/\\\/www.velo-spirit.com\\\/en\\\/#website\"},\"primaryImageOfPage\":{\"@id\":\"https:\\\/\\\/www.velo-spirit.com\\\/en\\\/suscribe-to-newsletter\\\/#primaryimage\"},\"image\":{\"@id\":\"https:\\\/\\\/www.velo-spirit.com\\\/en\\\/suscribe-to-newsletter\\\/#primaryimage\"},\"thumbnailUrl\":\"https:\\\/\\\/www.velo-spirit.com\\\/wp-content\\\/uploads\\\/2022\\\/04\\\/newsletter.jpg\",\"datePublished\":\"2022-05-20T12:19:02+00:00\",\"dateModified\":\"2023-02-20T10:16:43+00:00\",\"breadcrumb\":{\"@id\":\"https:\\\/\\\/www.velo-spirit.com\\\/en\\\/suscribe-to-newsletter\\\/#breadcrumb\"},\"inLanguage\":\"en-US\",\"potentialAction\":[{\"@type\":\"ReadAction\",\"target\":[\"https:\\\/\\\/www.velo-spirit.com\\\/en\\\/suscribe-to-newsletter\\\/\"]}]},{\"@type\":\"ImageObject\",\"inLanguage\":\"en-US\",\"@id\":\"https:\\\/\\\/www.velo-spirit.com\\\/en\\\/suscribe-to-newsletter\\\/#primaryimage\",\"url\":\"https:\\\/\\\/www.velo-spirit.com\\\/wp-content\\\/uploads\\\/2022\\\/04\\\/newsletter.jpg\",\"contentUrl\":\"https:\\\/\\\/www.velo-spirit.com\\\/wp-content\\\/uploads\\\/2022\\\/04\\\/newsletter.jpg\",\"width\":1920,\"height\":1080},{\"@type\":\"BreadcrumbList\",\"@id\":\"https:\\\/\\\/www.velo-spirit.com\\\/en\\\/suscribe-to-newsletter\\\/#breadcrumb\",\"itemListElement\":[{\"@type\":\"ListItem\",\"position\":1,\"name\":\"Velo Spirit\",\"item\":\"https:\\\/\\\/www.velo-spirit.com\\\/en\\\/\"},{\"@type\":\"ListItem\",\"position\":2,\"name\":\"Suscribe to our newsletter\"}]},{\"@type\":\"WebSite\",\"@id\":\"https:\\\/\\\/www.velo-spirit.com\\\/en\\\/#website\",\"url\":\"https:\\\/\\\/www.velo-spirit.com\\\/en\\\/\",\"name\":\"V\u00e9lo Spirit\",\"description\":\"Le web magazine du v\u00e9lo dans tous ses \u00e9tats !\",\"potentialAction\":[{\"@type\":\"SearchAction\",\"target\":{\"@type\":\"EntryPoint\",\"urlTemplate\":\"https:\\\/\\\/www.velo-spirit.com\\\/en\\\/?s={search_term_string}\"},\"query-input\":{\"@type\":\"PropertyValueSpecification\",\"valueRequired\":true,\"valueName\":\"search_term_string\"}}],\"inLanguage\":\"en-US\"}]}<\/script>\n<!-- \/ Yoast SEO plugin. -->","yoast_head_json":{"title":"Suscribe to our newsletter - V\u00e9lo Spirit","robots":{"index":"index","follow":"follow","max-snippet":"max-snippet:-1","max-image-preview":"max-image-preview:large","max-video-preview":"max-video-preview:-1"},"canonical":"https:\/\/www.velo-spirit.com\/en\/suscribe-to-newsletter\/","og_locale":"en_US","og_type":"article","og_title":"Suscribe to our newsletter - V\u00e9lo Spirit","og_description":"[vc_row type=&#8221;in_container&#8221; full_screen_row_position=&#8221;middle&#8221; column_margin=&#8221;default&#8221; column_direction=&#8221;default&#8221; column_direction_tablet=&#8221;default&#8221; column_direction_phone=&#8221;default&#8221; scene_position=&#8221;center&#8221; top_padding=&#8221;80px&#8221; bottom_padding=&#8221;20px&#8221; left_padding_desktop=&#8221;120px&#8221; constrain_group_2=&#8221;yes&#8221; right_padding_desktop=&#8221;120px&#8221; text_color=&#8221;dark&#8221; text_align=&#8221;left&#8221; row_border_radius=&#8221;none&#8221; row_border_radius_applies=&#8221;bg&#8221; overflow=&#8221;visible&#8221; advanced_gradient_angle=&#8221;0&#8243; overlay_strength=&#8221;0.3&#8243; gradient_direction=&#8221;left_to_right&#8221; shape_divider_position=&#8221;bottom&#8221; bg_image_animation=&#8221;none&#8221; gradient_type=&#8221;default&#8221; shape_type=&#8221;&#8221;][vc_column column_padding=&#8221;no-extra-padding&#8221; column_padding_tablet=&#8221;inherit&#8221; column_padding_phone=&#8221;inherit&#8221; column_padding_position=&#8221;all&#8221; column_element_spacing=&#8221;default&#8221;...","og_url":"https:\/\/www.velo-spirit.com\/en\/suscribe-to-newsletter\/","og_site_name":"V\u00e9lo Spirit","article_modified_time":"2023-02-20T10:16:43+00:00","og_image":[{"width":1920,"height":1080,"url":"https:\/\/www.velo-spirit.com\/wp-content\/uploads\/2022\/04\/newsletter.jpg","type":"image\/jpeg"}],"twitter_card":"summary_large_image","twitter_misc":{"Est. reading time":"1 minute"},"schema":{"@context":"https:\/\/schema.org","@graph":[{"@type":"WebPage","@id":"https:\/\/www.velo-spirit.com\/en\/suscribe-to-newsletter\/","url":"https:\/\/www.velo-spirit.com\/en\/suscribe-to-newsletter\/","name":"Suscribe to our newsletter - V\u00e9lo Spirit","isPartOf":{"@id":"https:\/\/www.velo-spirit.com\/en\/#website"},"primaryImageOfPage":{"@id":"https:\/\/www.velo-spirit.com\/en\/suscribe-to-newsletter\/#primaryimage"},"image":{"@id":"https:\/\/www.velo-spirit.com\/en\/suscribe-to-newsletter\/#primaryimage"},"thumbnailUrl":"https:\/\/www.velo-spirit.com\/wp-content\/uploads\/2022\/04\/newsletter.jpg","datePublished":"2022-05-20T12:19:02+00:00","dateModified":"2023-02-20T10:16:43+00:00","breadcrumb":{"@id":"https:\/\/www.velo-spirit.com\/en\/suscribe-to-newsletter\/#breadcrumb"},"inLanguage":"en-US","potentialAction":[{"@type":"ReadAction","target":["https:\/\/www.velo-spirit.com\/en\/suscribe-to-newsletter\/"]}]},{"@type":"ImageObject","inLanguage":"en-US","@id":"https:\/\/www.velo-spirit.com\/en\/suscribe-to-newsletter\/#primaryimage","url":"https:\/\/www.velo-spirit.com\/wp-content\/uploads\/2022\/04\/newsletter.jpg","contentUrl":"https:\/\/www.velo-spirit.com\/wp-content\/uploads\/2022\/04\/newsletter.jpg","width":1920,"height":1080},{"@type":"BreadcrumbList","@id":"https:\/\/www.velo-spirit.com\/en\/suscribe-to-newsletter\/#breadcrumb","itemListElement":[{"@type":"ListItem","position":1,"name":"Velo Spirit","item":"https:\/\/www.velo-spirit.com\/en\/"},{"@type":"ListItem","position":2,"name":"Suscribe to our newsletter"}]},{"@type":"WebSite","@id":"https:\/\/www.velo-spirit.com\/en\/#website","url":"https:\/\/www.velo-spirit.com\/en\/","name":"V\u00e9lo Spirit","description":"Le web magazine du v\u00e9lo dans tous ses \u00e9tats !","potentialAction":[{"@type":"SearchAction","target":{"@type":"EntryPoint","urlTemplate":"https:\/\/www.velo-spirit.com\/en\/?s={search_term_string}"},"query-input":{"@type":"PropertyValueSpecification","valueRequired":true,"valueName":"search_term_string"}}],"inLanguage":"en-US"}]}},"jetpack_sharing_enabled":true,"post_mailing_queue_ids":[],"_links":{"self":[{"href":"https:\/\/www.velo-spirit.com\/en\/wp-json\/wp\/v2\/pages\/2238","targetHints":{"allow":["GET"]}}],"collection":[{"href":"https:\/\/www.velo-spirit.com\/en\/wp-json\/wp\/v2\/pages"}],"about":[{"href":"https:\/\/www.velo-spirit.com\/en\/wp-json\/wp\/v2\/types\/page"}],"author":[{"embeddable":true,"href":"https:\/\/www.velo-spirit.com\/en\/wp-json\/wp\/v2\/users\/1"}],"replies":[{"embeddable":true,"href":"https:\/\/www.velo-spirit.com\/en\/wp-json\/wp\/v2\/comments?post=2238"}],"version-history":[{"count":5,"href":"https:\/\/www.velo-spirit.com\/en\/wp-json\/wp\/v2\/pages\/2238\/revisions"}],"predecessor-version":[{"id":4979,"href":"https:\/\/www.velo-spirit.com\/en\/wp-json\/wp\/v2\/pages\/2238\/revisions\/4979"}],"wp:featuredmedia":[{"embeddable":true,"href":"https:\/\/www.velo-spirit.com\/en\/wp-json\/wp\/v2\/media\/2064"}],"wp:attachment":[{"href":"https:\/\/www.velo-spirit.com\/en\/wp-json\/wp\/v2\/media?parent=2238"}],"curies":[{"name":"wp","href":"https:\/\/api.w.org\/{rel}","templated":true}]}}